{"id":469,"date":"2023-12-29T00:04:20","date_gmt":"2023-12-29T05:04:20","guid":{"rendered":"http:\/\/aryodrivingschool.com\/?page_id=469"},"modified":"2024-07-19T12:04:10","modified_gmt":"2024-07-19T16:04:10","slug":"road-safety-education-program","status":"publish","type":"page","link":"https:\/\/aryodrivingschool.com\/fr\/road-safety-education-program\/","title":{"rendered":"Programmes d'\u00e9ducation \u00e0 la S\u00e9curit\u00e9 Routi\u00e8re"},"content":{"rendered":"<div data-elementor-type=\"wp-page\" data-elementor-id=\"469\" class=\"elementor elementor-469\">\n\t\t\t\t<div class=\"elementor-element elementor-element-5195545 e-flex e-con-boxed e-con e-parent\" data-id=\"5195545\" data-element_type=\"container\" data-settings=\"{&quot;background_background&quot;:&quot;classic&quot;}\">\n\t\t\t\t\t<div class=\"e-con-inner\">\n\t\t\t\t<div class=\"elementor-element elementor-element-3d62ae8 elementor-widget elementor-widget-heading\" data-id=\"3d62ae8\" data-element_type=\"widget\" data-widget_type=\"heading.default\">\n\t\t\t\t<div class=\"elementor-widget-container\">\n\t\t\t\t\t<h2 class=\"elementor-heading-title elementor-size-default\">Programmes d'\u00e9ducation \u00e0 la S\u00e9curit\u00e9 Routi\u00e8re<\/h2>\t\t\t\t<\/div>\n\t\t\t\t<\/div>\n\t\t\t\t\t<\/div>\n\t\t\t\t<\/div>\n\t\t<div class=\"elementor-element elementor-element-be3332e e-flex e-con-boxed e-con e-parent\" data-id=\"be3332e\" data-element_type=\"container\">\n\t\t\t\t\t<div class=\"e-con-inner\">\n\t\t\t\t<div class=\"elementor-element elementor-element-c6e2746 elementor-widget elementor-widget-text-editor\" data-id=\"c6e2746\" data-element_type=\"widget\" data-widget_type=\"text-editor.default\">\n\t\t\t\t<div class=\"elementor-widget-container\">\n\t\t\t\t\t\t\t\t\t<p>Le programme d\u2019\u00e9ducation \u00e0 la s\u00e9curit\u00e9 routi\u00e8re est divis\u00e9 en 4 phases distinctes qui vous guident\nm\u00e9thodiquement jusqu\u2019\u00e0 devenir un(e) conducteur(trice) s\u00e9curitaire, responsable, courtois(e) et autonome. Les\nnouvelles mesures, mises en application reposent sur un \u00e9ch\u00e9ancier qui int\u00e8gre des cours th\u00e9oriques, des cours de\nformation pratique sur la route (sorties) et un apprentissage personnel de la part de l\u2019\u00e9l\u00e8ve.<br \/>driving school offers in-classroom and online (Zoom) theory classes.<\/p><p>\u00a0<\/p>\t\t\t\t\t\t\t\t<\/div>\n\t\t\t\t<\/div>\n\t\t\t\t<div class=\"elementor-element elementor-element-ebd2ddf elementor-widget-divider--separator-type-pattern elementor-widget-divider--view-line elementor-widget elementor-widget-divider\" data-id=\"ebd2ddf\" data-element_type=\"widget\" data-widget_type=\"divider.default\">\n\t\t\t\t<div class=\"elementor-widget-container\">\n\t\t\t\t\t\t\t<div class=\"elementor-divider\" style=\"--divider-pattern-url: url(&quot;data:image\/svg+xml,%3Csvg xmlns=&#039;http:\/\/www.w3.org\/2000\/svg&#039; preserveAspectRatio=&#039;none&#039; overflow=&#039;visible&#039; height=&#039;100%&#039; viewBox=&#039;0 0 24 24&#039; fill=&#039;none&#039; stroke=&#039;black&#039; stroke-width=&#039;3.2&#039; stroke-linecap=&#039;square&#039; stroke-miterlimit=&#039;10&#039;%3E%3Cpolyline points=&#039;0,18 12,6 24,18 &#039;\/%3E%3C\/svg%3E&quot;);\">\n\t\t\t<span class=\"elementor-divider-separator\">\n\t\t\t\t\t\t<\/span>\n\t\t<\/div>\n\t\t\t\t\t\t<\/div>\n\t\t\t\t<\/div>\n\t\t\t\t<div class=\"elementor-element elementor-element-d4a8322 elementor-widget elementor-widget-image\" data-id=\"d4a8322\" data-element_type=\"widget\" data-widget_type=\"image.default\">\n\t\t\t\t<div class=\"elementor-widget-container\">\n\t\t\t\t\t\t\t\t\t\t\t\t\t\t\t<img fetchpriority=\"high\" decoding=\"async\" width=\"650\" height=\"683\" src=\"https:\/\/aryodrivingschool.com\/wp-content\/uploads\/2023\/12\/image002.png\" class=\"attachment-large size-large wp-image-471\" alt=\"\" srcset=\"https:\/\/aryodrivingschool.com\/wp-content\/uploads\/2023\/12\/image002.png 650w, https:\/\/aryodrivingschool.com\/wp-content\/uploads\/2023\/12\/image002-286x300.png 286w\" sizes=\"(max-width: 650px) 100vw, 650px\" \/>\t\t\t\t\t\t\t\t\t\t\t\t\t\t\t<\/div>\n\t\t\t\t<\/div>\n\t\t\t\t<div class=\"elementor-element elementor-element-edaf17b elementor-widget elementor-widget-text-editor\" data-id=\"edaf17b\" data-element_type=\"widget\" data-widget_type=\"text-editor.default\">\n\t\t\t\t<div class=\"elementor-widget-container\">\n\t\t\t\t\t\t\t\t\t<ul><li><strong>Phase 1<\/strong> Phase 1\u00a0:\n 5 cours th\u00e9oriques de 2 heures chaque \u00e0 une fois semaine, pendant 5 semaines cons\u00e9cutives. \n\nAu 5 e cours th\u00e9orique, il y a une \u00e9valuation en classe, \u00e0 la r\u00e9ussite de l\u2019\u00e9valuation, l\u2019\u00e9tudiant(e) re\u00e7oit la premi\u00e8re Attestation. \n\n*Compl\u00e9ter la Phase 1 est n\u00e9cessaire pour recevoir votre premi\u00e8re Attestation et pour obtenir le Permis d\u2019apprenti conducteur \u00e0 la SAAQ.*<br \/>*Compl\u00e9ter la Phase 1 est\nn\u00e9cessaire pour recevoir votre premi\u00e8re Attestation et pour obtenir le Permis d\u2019apprenti conducteur \u00e0 la SAAQ.* <a href=\"https:\/\/saaq.gouv.qc.ca\/\" target=\"_blank\" rel=\"noopener\">learners permit<\/a> at the SAAQ. &#8211; you can start this phase just before you turn 16 as long as you are 16 when passing the in-class test during theory 5, here at ARYO.<\/li><li><strong>Phase 2<\/strong> 2 cours th\u00e9oriques de 2 heures chaque et 4 sorties sur la route. Cette phase permet d\u2019apprendre les\nman\u0153uvres de base.<\/li><li><strong>Phase 3<\/strong> 3 cours th\u00e9oriques de 2 heures chaque et 6 sorties sur la route. Cette phase permet\nd\u2019apprendre les man\u0153uvres avanc\u00e9es.<\/li><li><strong>Phase 4<\/strong> 2 cours th\u00e9oriques de 2 heures chaque, 4 sorties sur la route et une\n\u00e9valuation sur la route (sortie 15). Cette phase permet d\u2019apprendre \u00e0 devenir un(e) conducteur(trice) autonome.\n \n*10 mois apr\u00e8s la date d\u2019obtention du Permis d\u2019apprenti conducteur vous pouvez passer l\u2019examen th\u00e9orique administr\u00e9 par la SAAQ. *\n\nCompl\u00e9ter la Phase 4 vous autorise \u00e0 recevoir votre deuxi\u00e8me Attestation et \u00e0 vous pr\u00e9senter \u00e0\nl\u2019examen pratique de la SAAQ (12 mois apr\u00e8s la date d\u2019obtention de votre Permis d\u2019apprenti conducteur et lorsque l\u2019examen th\u00e9orique de la SAAQ est r\u00e9ussit).<\/li><\/ul><p><em>*Compl\u00e9ter la Phase 4 vous autorise \u00e0 recevoir votre deuxi\u00e8me Attestation et \u00e0 vous pr\u00e9senter \u00e0\nl\u2019examen pratique de la SAAQ (12 mois apr\u00e8s la date d\u2019obtention de votre Permis d\u2019apprenti conducteur et lorsque\nl\u2019examen th\u00e9orique de la SAAQ est r\u00e9ussit).*<\/em><\/p><p><em>\u00a0\u00a0\u00a0\u00a0\u00a0\u00a0\u00a0\u00a0\u00a0\u00a0 Completing Phase 4 makes you eligible to receive your 2nd Attestation and book your Driving Test at the SAAQ, given 12 months have passed since obtaining your Learner&#8217;s License.<\/em><\/p>\t\t\t\t\t\t\t\t<\/div>\n\t\t\t\t<\/div>\n\t\t\t\t\t<\/div>\n\t\t\t\t<\/div>\n\t\t\t\t<\/div>","protected":false},"excerpt":{"rendered":"<p>Road Safety Education Program The Road Safety Education Program, regulated by the SAAQ, takes the broad subject of driver&#8217;s education and breaks it down in to 4 distinct phases that methodically guide you to being safe, responsible, courteous and independent drivers. The program takes a minimum of 13 months and includes in-class theory, in-car practical [&hellip;]<\/p>","protected":false},"author":1,"featured_media":0,"parent":0,"menu_order":0,"comment_status":"closed","ping_status":"closed","template":"","meta":{"footnotes":""},"_links":{"self":[{"href":"https:\/\/aryodrivingschool.com\/fr\/wp-json\/wp\/v2\/pages\/469"}],"collection":[{"href":"https:\/\/aryodrivingschool.com\/fr\/wp-json\/wp\/v2\/pages"}],"about":[{"href":"https:\/\/aryodrivingschool.com\/fr\/wp-json\/wp\/v2\/types\/page"}],"author":[{"embeddable":true,"href":"https:\/\/aryodrivingschool.com\/fr\/wp-json\/wp\/v2\/users\/1"}],"replies":[{"embeddable":true,"href":"https:\/\/aryodrivingschool.com\/fr\/wp-json\/wp\/v2\/comments?post=469"}],"version-history":[{"count":19,"href":"https:\/\/aryodrivingschool.com\/fr\/wp-json\/wp\/v2\/pages\/469\/revisions"}],"predecessor-version":[{"id":680,"href":"https:\/\/aryodrivingschool.com\/fr\/wp-json\/wp\/v2\/pages\/469\/revisions\/680"}],"wp:attachment":[{"href":"https:\/\/aryodrivingschool.com\/fr\/wp-json\/wp\/v2\/media?parent=469"}],"curies":[{"name":"wp","href":"https:\/\/api.w.org\/{rel}","templated":true}]}}