{"id":411,"date":"2023-11-21T01:06:08","date_gmt":"2023-11-21T06:06:08","guid":{"rendered":"http:\/\/aryodrivingschool.com\/?page_id=411"},"modified":"2024-07-19T12:53:11","modified_gmt":"2024-07-19T16:53:11","slug":"faqs","status":"publish","type":"page","link":"https:\/\/aryodrivingschool.com\/fr\/faqs\/","title":{"rendered":"Foire aux questions"},"content":{"rendered":"<div data-elementor-type=\"wp-page\" data-elementor-id=\"411\" class=\"elementor elementor-411\">\n\t\t\t\t<div class=\"elementor-element elementor-element-21ed45e e-flex e-con-boxed e-con e-parent\" data-id=\"21ed45e\" data-element_type=\"container\" data-settings=\"{&quot;background_background&quot;:&quot;classic&quot;}\">\n\t\t\t\t\t<div class=\"e-con-inner\">\n\t\t\t\t<div class=\"elementor-element elementor-element-72042a8 elementor-widget elementor-widget-heading\" data-id=\"72042a8\" data-element_type=\"widget\" data-widget_type=\"heading.default\">\n\t\t\t\t<div class=\"elementor-widget-container\">\n\t\t\t\t\t<h2 class=\"elementor-heading-title elementor-size-default\">Frequently asked questions<\/h2>\t\t\t\t<\/div>\n\t\t\t\t<\/div>\n\t\t\t\t\t<\/div>\n\t\t\t\t<\/div>\n\t\t<div class=\"elementor-element elementor-element-ee144c2 e-flex e-con-boxed e-con e-parent\" data-id=\"ee144c2\" data-element_type=\"container\" data-settings=\"{&quot;background_background&quot;:&quot;classic&quot;}\">\n\t\t\t\t\t<div class=\"e-con-inner\">\n\t\t\t\t<div class=\"elementor-element elementor-element-fa64873 elementor-widget elementor-widget-heading\" data-id=\"fa64873\" data-element_type=\"widget\" data-widget_type=\"heading.default\">\n\t\t\t\t<div class=\"elementor-widget-container\">\n\t\t\t\t\t<h2 class=\"elementor-heading-title elementor-size-default\">Obtenez des r\u00e9ponses aux questions fr\u00e9quemment pos\u00e9es.<\/h2>\t\t\t\t<\/div>\n\t\t\t\t<\/div>\n\t\t\t\t<div class=\"elementor-element elementor-element-fd90b7d elementor-widget-divider--separator-type-pattern elementor-widget-divider--view-line elementor-widget elementor-widget-divider\" data-id=\"fd90b7d\" data-element_type=\"widget\" data-widget_type=\"divider.default\">\n\t\t\t\t<div class=\"elementor-widget-container\">\n\t\t\t\t\t\t\t<div class=\"elementor-divider\" style=\"--divider-pattern-url: url(&quot;data:image\/svg+xml,%3Csvg xmlns=&#039;http:\/\/www.w3.org\/2000\/svg&#039; preserveAspectRatio=&#039;none&#039; overflow=&#039;visible&#039; height=&#039;100%&#039; viewBox=&#039;0 0 24 24&#039; fill=&#039;none&#039; stroke=&#039;black&#039; stroke-width=&#039;3.2&#039; stroke-linecap=&#039;square&#039; stroke-miterlimit=&#039;10&#039;%3E%3Cpolyline points=&#039;0,18 12,6 24,18 &#039;\/%3E%3C\/svg%3E&quot;);\">\n\t\t\t<span class=\"elementor-divider-separator\">\n\t\t\t\t\t\t<\/span>\n\t\t<\/div>\n\t\t\t\t\t\t<\/div>\n\t\t\t\t<\/div>\n\t\t\t\t<div class=\"elementor-element elementor-element-7e5e85c elementor-widget elementor-widget-eael-adv-accordion\" data-id=\"7e5e85c\" data-element_type=\"widget\" data-widget_type=\"eael-adv-accordion.default\">\n\t\t\t\t<div class=\"elementor-widget-container\">\n\t\t\t\t\t            <div class=\"eael-adv-accordion\" id=\"eael-adv-accordion-7e5e85c\" data-scroll-on-click=\"no\" data-scroll-speed=\"300\" data-accordion-id=\"7e5e85c\" data-accordion-type=\"accordion\" data-toogle-speed=\"300\">\n            <div class=\"eael-accordion-list\">\n\t\t\t\t\t<div id=\"do-we-offer-courses-in-english-and-french-\" class=\"elementor-tab-title eael-accordion-header\" tabindex=\"0\" data-tab=\"1\" aria-controls=\"elementor-tab-content-1321\"><span class=\"eael-advanced-accordion-icon-closed\"><i aria-hidden=\"true\" class=\"fa-accordion-icon fas fa-plus\"><\/i><\/span><span class=\"eael-advanced-accordion-icon-opened\"><i aria-hidden=\"true\" class=\"fa-accordion-icon fas fa-minus\"><\/i><\/span><span class=\"eael-accordion-tab-title\">Est-ce que les cours sont offerts en fran\u00e7ais et en anglais? <\/span><i aria-hidden=\"true\" class=\"fa-toggle fas fa-angle-right\"><\/i><\/div><div id=\"elementor-tab-content-1321\" class=\"eael-accordion-content clearfix\" data-tab=\"1\" aria-labelledby=\"do-we-offer-courses-in-english-and-french-\"><p>Oui, tous les cours sont offerts en fran\u00e7ais et en anglais.<\/p><\/div>\n\t\t\t\t\t<\/div><div class=\"eael-accordion-list\">\n\t\t\t\t\t<div id=\"can-i-pay-in-instalments\" class=\"elementor-tab-title eael-accordion-header\" tabindex=\"0\" data-tab=\"2\" aria-controls=\"elementor-tab-content-1322\"><span class=\"eael-advanced-accordion-icon-closed\"><i aria-hidden=\"true\" class=\"fa-accordion-icon fas fa-plus\"><\/i><\/span><span class=\"eael-advanced-accordion-icon-opened\"><i aria-hidden=\"true\" class=\"fa-accordion-icon fas fa-minus\"><\/i><\/span><span class=\"eael-accordion-tab-title\">Est-ce que nous pouvons payer en plusieurs versements?<\/span><i aria-hidden=\"true\" class=\"fa-toggle fas fa-angle-right\"><\/i><\/div><div id=\"elementor-tab-content-1322\" class=\"eael-accordion-content clearfix\" data-tab=\"2\" aria-labelledby=\"can-i-pay-in-instalments\">Oui, nous vous invitons \u00e0 contacter l\u2019\u00e9cole pour plus d\u2019information \u00e0 ce sujet. <a href=\"http:\/\/aryodrivingschool.com\/fr\/contact\/\">Contactez-nous<\/a> Pour plus d'informations<\/div>\n\t\t\t\t\t<\/div><div class=\"eael-accordion-list\">\n\t\t\t\t\t<div id=\"at-what-age-can-i-start-my-courses\" class=\"elementor-tab-title eael-accordion-header\" tabindex=\"0\" data-tab=\"3\" aria-controls=\"elementor-tab-content-1323\"><span class=\"eael-advanced-accordion-icon-closed\"><i aria-hidden=\"true\" class=\"fa-accordion-icon fas fa-plus\"><\/i><\/span><span class=\"eael-advanced-accordion-icon-opened\"><i aria-hidden=\"true\" class=\"fa-accordion-icon fas fa-minus\"><\/i><\/span><span class=\"eael-accordion-tab-title\">\u00c0 partir de quel \u00e2ge pouvons-nous d\u00e9buter le cours de conduite?<\/span><i aria-hidden=\"true\" class=\"fa-toggle fas fa-angle-right\"><\/i><\/div><div id=\"elementor-tab-content-1323\" class=\"eael-accordion-content clearfix\" data-tab=\"3\" aria-labelledby=\"at-what-age-can-i-start-my-courses\"><p>Vous pouvez d\u00e9buter le cours de conduite environ un mois avant d\u2019avoir 16 ans. Pour obtenir le permis\nd\u2019apprenti conducteur \u00e0 la SAAQ, vous devez avoir 16 ans minimum.<\/p><\/div>\n\t\t\t\t\t<\/div><div class=\"eael-accordion-list\">\n\t\t\t\t\t<div id=\"can-i-do-my-theory-classes-online\" class=\"elementor-tab-title eael-accordion-header\" tabindex=\"0\" data-tab=\"4\" aria-controls=\"elementor-tab-content-1324\"><span class=\"eael-advanced-accordion-icon-closed\"><i aria-hidden=\"true\" class=\"fa-accordion-icon fas fa-plus\"><\/i><\/span><span class=\"eael-advanced-accordion-icon-opened\"><i aria-hidden=\"true\" class=\"fa-accordion-icon fas fa-minus\"><\/i><\/span><span class=\"eael-accordion-tab-title\">Est-ce que nous pouvons faire nos cours th\u00e9oriques en ligne (Zoom)?<\/span><i aria-hidden=\"true\" class=\"fa-toggle fas fa-angle-right\"><\/i><\/div><div id=\"elementor-tab-content-1324\" class=\"eael-accordion-content clearfix\" data-tab=\"4\" aria-labelledby=\"can-i-do-my-theory-classes-online\">Oui, nous offrons la possibilit\u00e9 de faire vos cours th\u00e9oriques en ligne (Zoom) et en personne (en classe).<\/div>\n\t\t\t\t\t<\/div><div class=\"eael-accordion-list\">\n\t\t\t\t\t<div id=\"what-is-the-process-to-getting-my-license\" class=\"elementor-tab-title eael-accordion-header\" tabindex=\"0\" data-tab=\"5\" aria-controls=\"elementor-tab-content-1325\"><span class=\"eael-advanced-accordion-icon-closed\"><i aria-hidden=\"true\" class=\"fa-accordion-icon fas fa-plus\"><\/i><\/span><span class=\"eael-advanced-accordion-icon-opened\"><i aria-hidden=\"true\" class=\"fa-accordion-icon fas fa-minus\"><\/i><\/span><span class=\"eael-accordion-tab-title\">Quelle est la d\u00e9marche pour obtenir un permis de conduire?<\/span><i aria-hidden=\"true\" class=\"fa-toggle fas fa-angle-right\"><\/i><\/div><div id=\"elementor-tab-content-1325\" class=\"eael-accordion-content clearfix\" data-tab=\"5\" aria-labelledby=\"what-is-the-process-to-getting-my-license\"><p><b>Vous pouvez nous contacter ou consulter le site web de la SAAQ. https:\/\/saaq.gouv.qc.ca\/ <a href=\"http:\/\/aryodrivingschool.com\/fr\/road-safety-education-program\/\">Programmes d'\u00e9ducation \u00e0 la S\u00e9curit\u00e9 Routi\u00e8re<\/a><\/b><\/p><\/div>\n\t\t\t\t\t<\/div><\/div>\t\t\t\t<\/div>\n\t\t\t\t<\/div>\n\t\t\t\t<div class=\"elementor-element elementor-element-0d3870d elementor-align-center elementor-widget elementor-widget-button\" data-id=\"0d3870d\" data-element_type=\"widget\" data-widget_type=\"button.default\">\n\t\t\t\t<div class=\"elementor-widget-container\">\n\t\t\t\t\t\t\t\t\t<div class=\"elementor-button-wrapper\">\n\t\t\t\t\t<a class=\"elementor-button elementor-button-link elementor-size-sm\" href=\"http:\/\/aryodrivingschool.com\/fr\/register\/\">\n\t\t\t\t\t\t<span class=\"elementor-button-content-wrapper\">\n\t\t\t\t\t\t\t\t\t<span class=\"elementor-button-text\">Inscription<\/span>\n\t\t\t\t\t<\/span>\n\t\t\t\t\t<\/a>\n\t\t\t\t<\/div>\n\t\t\t\t\t\t\t\t<\/div>\n\t\t\t\t<\/div>\n\t\t\t\t\t<\/div>\n\t\t\t\t<\/div>\n\t\t\t\t<\/div>","protected":false},"excerpt":{"rendered":"<p>Frequently asked questions Get Answers to Common Questions Do we offer courses in English and French? Absolutely, both theory and practical classes are offered in both languages. Can I pay in instalments?Yes, we offer instalments. Give us a call for more information. At what age can I start my courses? You can start phase 1 [&hellip;]<\/p>","protected":false},"author":1,"featured_media":0,"parent":0,"menu_order":0,"comment_status":"closed","ping_status":"closed","template":"","meta":{"footnotes":""},"_links":{"self":[{"href":"https:\/\/aryodrivingschool.com\/fr\/wp-json\/wp\/v2\/pages\/411"}],"collection":[{"href":"https:\/\/aryodrivingschool.com\/fr\/wp-json\/wp\/v2\/pages"}],"about":[{"href":"https:\/\/aryodrivingschool.com\/fr\/wp-json\/wp\/v2\/types\/page"}],"author":[{"embeddable":true,"href":"https:\/\/aryodrivingschool.com\/fr\/wp-json\/wp\/v2\/users\/1"}],"replies":[{"embeddable":true,"href":"https:\/\/aryodrivingschool.com\/fr\/wp-json\/wp\/v2\/comments?post=411"}],"version-history":[{"count":31,"href":"https:\/\/aryodrivingschool.com\/fr\/wp-json\/wp\/v2\/pages\/411\/revisions"}],"predecessor-version":[{"id":692,"href":"https:\/\/aryodrivingschool.com\/fr\/wp-json\/wp\/v2\/pages\/411\/revisions\/692"}],"wp:attachment":[{"href":"https:\/\/aryodrivingschool.com\/fr\/wp-json\/wp\/v2\/media?parent=411"}],"curies":[{"name":"wp","href":"https:\/\/api.w.org\/{rel}","templated":true}]}}